{"id":5451,"date":"2025-09-15T12:25:15","date_gmt":"2025-09-15T12:25:15","guid":{"rendered":"https:\/\/law.ubbcluj.ro\/alumni\/"},"modified":"2025-12-06T14:09:05","modified_gmt":"2025-12-06T14:09:05","slug":"alumni","status":"publish","type":"page","link":"https:\/\/law.ubbcluj.ro\/en\/about-faculty\/alumni\/","title":{"rendered":"Alumni"},"content":{"rendered":"<div id=\"tdi_1\" class=\"tdc-zone\"><div class=\"tdc_zone tdi_2  wpb_row td-pb-row\"  >\n<style scoped>\n\/* custom css - generated by TagDiv Composer *\/\n\n\/* custom css - generated by TagDiv Composer *\/\n.tdi_2{\r\n                    min-height: 0;\r\n                }\n<\/style><div id=\"tdi_3\" class=\"tdc-row stretch_row_content td-stretch-content\"><div class=\"vc_row tdi_4  wpb_row td-pb-row\" >\n<style scoped>\n\/* custom css - generated by TagDiv Composer *\/\n\n\/* custom css - generated by TagDiv Composer *\/\n.tdi_4,\r\n                .tdi_4 .tdc-columns{\r\n                    min-height: 0;\r\n                }.tdi_4,\r\n\t\t\t\t.tdi_4 .tdc-columns{\r\n\t\t\t\t    display: block;\r\n\t\t\t\t}.tdi_4 .tdc-columns{\r\n\t\t\t\t    width: 100%;\r\n\t\t\t\t}.tdi_4:before,\r\n\t\t\t\t.tdi_4:after{\r\n\t\t\t\t    display: table;\r\n\t\t\t\t}\n\/* inline tdc_css att - generated by TagDiv Composer *\/\n\n.tdi_4{\nmargin-top:110px !important;\n}\n\n.tdi_4 .td_block_wrap{ text-align:left }\n\n\/* phone *\/\n@media (max-width: 767px)\n{\n.tdi_4{\nmargin-top:120px !important;\n}\n}\n\n<\/style><div class=\"vc_column tdi_6  wpb_column vc_column_container tdc-column td-pb-span12\">\n<style scoped>\n\/* custom css - generated by TagDiv Composer *\/\n\n\/* custom css - generated by TagDiv Composer *\/\n.tdi_6{\r\n                    vertical-align: baseline;\r\n                }.tdi_6 > .wpb_wrapper,\r\n\t\t\t\t.tdi_6 > .wpb_wrapper > .tdc-elements{\r\n\t\t\t\t    display: block;\r\n\t\t\t\t}.tdi_6 > .wpb_wrapper > .tdc-elements{\r\n\t\t\t\t    width: 100%;\r\n\t\t\t\t}.tdi_6 > .wpb_wrapper > .vc_row_inner{\r\n\t\t\t\t    width: auto;\r\n\t\t\t\t}.tdi_6 > .wpb_wrapper{\r\n\t\t\t\t    width: auto;\r\n\t\t\t\t    height: auto;\r\n\t\t\t\t}\n<\/style><div class=\"wpb_wrapper\" ><div class=\"td_block_wrap tdb_breadcrumbs tdi_7 td-pb-border-top td_block_template_1 tdb-breadcrumbs \"  data-td-block-uid=\"tdi_7\" >\n<style>\n\n\/* inline tdc_css att - generated by TagDiv Composer *\/\n\n.tdi_7{\nmargin-bottom:30px !important;\npadding-right:50px !important;\npadding-left:50px !important;\n}\n\n\/* phone *\/\n@media (max-width: 767px)\n{\n.tdi_7{\npadding-right:0px !important;\npadding-left:0px !important;\n}\n}\n\n<\/style>\n<style>\n\/* custom css - generated by TagDiv Composer *\/\n.tdb-breadcrumbs{\r\n                  margin-bottom: 11px;\r\n                  font-family: var(--td_default_google_font_1, 'Open Sans', 'Open Sans Regular', sans-serif);\r\n                  font-size: 12px;\r\n                  color: #747474;\r\n                  line-height: 18px;\r\n                }.tdb-breadcrumbs a{\r\n                  color: #747474;\r\n                }.tdb-breadcrumbs a:hover{\r\n                  color: #000;\r\n                }.tdb-breadcrumbs .tdb-bread-sep{\r\n                  line-height: 1;\r\n                  vertical-align: middle;\r\n                }.tdb-breadcrumbs .tdb-bread-sep-svg svg{\r\n                  height: auto;\r\n                }.tdb-breadcrumbs .tdb-bread-sep-svg svg,\r\n                .tdb-breadcrumbs .tdb-bread-sep-svg svg *{\r\n                  fill: #c3c3c3;\r\n                }.single-tdb_templates.author-template .tdb_breadcrumbs{\r\n                  margin-bottom: 2px;\r\n                }.tdb_category_breadcrumbs{\r\n                  margin: 21px 0 9px;\r\n                }.search-results .tdb_breadcrumbs{\r\n                  margin-bottom: 2px;\r\n                }.tdi_7 .tdb-bread-sep{\r\n                    font-size: 16px;\r\n                \r\n                    margin: 0 6px;\r\n                \r\n\t\t\t\t\tcolor: var(--blue2);\r\n\t\t\t\t}.tdi_7,\r\n\t\t\t\t.tdi_7 a{\r\n\t\t\t\t\tcolor: var(--blue2);\r\n\t\t\t\t}.tdi_7 .tdb-bread-sep-svg svg,\r\n\t\t\t\t.tdi_7 .tdb-bread-sep-svg svg *{\r\n\t\t\t\t    fill: var(--blue2);\r\n\t\t\t\t\r\n\t\t\t\t    fill: var(--blue2);\r\n\t\t\t\t}.tdi_7 a:hover{\r\n\t\t\t\t\tcolor: var(--gold1);\r\n\t\t\t\t}.td-theme-wrap .tdi_7{\r\n\t\t\t\t\ttext-align: left;\r\n\t\t\t\t}.tdi_7{\r\n\t\t\t\t\tfont-family: var(--global-font-1) !important;font-size:14px !important;font-weight:600 !important;\r\n\t\t\t\t}\n<\/style><div class=\"tdb-block-inner td-fix-index\"><span><a title=\"\" class=\"tdb-entry-crumb\" href=\"https:\/\/law.ubbcluj.ro\/en\/\">Home<\/a><\/span><i class=\"tdb-bread-sep tdb-bred-no-url-last td-icon-slashh\"><\/i><span class=\"tdb-bred-no-url-last\">Sample Page<\/span><\/div><\/div><script type=\"application\/ld+json\">\r\n                        {\r\n                            \"@context\": \"https:\/\/schema.org\",\r\n                            \"@type\": \"BreadcrumbList\",\r\n                            \"itemListElement\": [{\r\n                            \"@type\": \"ListItem\",\r\n                            \"position\": 1,\r\n                                \"item\": {\r\n                                \"@type\": \"WebSite\",\r\n                                \"@id\": \"https:\/\/law.ubbcluj.ro\/en\/\/\",\r\n                                \"name\": \"Home\"                                               \r\n                            }\r\n                        },{\r\n                            \"@type\": \"ListItem\",\r\n                            \"position\": 2,\r\n                                \"item\": {\r\n                                \"@type\": \"WebPage\",\r\n                                \"@id\": \"\",\r\n                                \"name\": \"Sample Page\"\r\n                            }\r\n                        }    ]\r\n                        }\r\n                       <\/script><\/div><\/div><\/div><\/div><div id=\"tdi_8\" class=\"tdc-row stretch_row_content td-stretch-content\"><div class=\"vc_row tdi_9  wpb_row td-pb-row tdc-element-style\" >\n<style scoped>\n\/* custom css - generated by TagDiv Composer *\/\n\n\/* custom css - generated by TagDiv Composer *\/\n.tdi_9,\r\n                .tdi_9 .tdc-columns{\r\n                    min-height: 0;\r\n                }.tdi_9,\r\n\t\t\t\t.tdi_9 .tdc-columns{\r\n\t\t\t\t    display: flex;\r\n\t\t\t\t\r\n\t\t\t\t    flex-direction: row;\r\n\t\t\t\t\r\n\t\t\t\t    flex-wrap: nowrap;\r\n\t\t\t\t\r\n\t\t\t\t    justify-content: center;\r\n\t\t\t\t\r\n\t\t\t\t    align-items: center;\r\n\t\t\t\t}.tdi_9 .tdc-columns{\r\n\t\t\t\t    width: 100%;\r\n\t\t\t\t}.tdi_9:before,\r\n\t\t\t\t.tdi_9:after{\r\n\t\t\t\t    display: none;\r\n\t\t\t\t}@media (min-width: 768px) {\r\n\t                .tdi_9 {\r\n\t                    margin-left: -0px;\r\n\t                    margin-right: -0px;\r\n\t                }\r\n\t                .tdi_9 .tdc-row-video-background-error,\r\n\t                .tdi_9 > .vc_column,\r\n\t                .tdi_9 > .tdc-columns > .vc_column {\r\n\t                    padding-left: 0px;\r\n\t                    padding-right: 0px;\r\n\t                }\r\n                }\n\/* inline tdc_css att - generated by TagDiv Composer *\/\n\n.tdi_9{\nheight:444px !important;\nposition:relative;\n}\n\n.tdi_9 .td_block_wrap{ text-align:left }\n\n\/* landscape *\/\n@media (min-width: 1019px) and (max-width: 1140px)\n{\n.tdi_9{\nheight:400px !important;\n}\n}\n\n\/* portrait *\/\n@media (min-width: 768px) and (max-width: 1018px)\n{\n.tdi_9{\nheight:350px !important;\n}\n}\n\n\/* phone *\/\n@media (max-width: 767px)\n{\n.tdi_9{\nheight:300px !important;\n}\n}\n\n<\/style>\n<div class=\"tdi_8_rand_style td-element-style\" ><div class=\"td-element-style-before\"><style>\n\/* custom css - generated by TagDiv Composer *\/\n\n.tdi_8_rand_style > .td-element-style-before {\ncontent:'' !important;\nwidth:100% !important;\nheight:100% !important;\nposition:absolute !important;\ntop:0 !important;\nleft:0 !important;\ndisplay:block !important;\nz-index:0 !important;\nbackground-image:url(\"https:\/\/law.ite.ro\/wp-content\/uploads\/2025\/09\/20250629_130626-scaled.jpg\") !important;\nbackground-position:center center !important;\nbackground-size:cover !important;\n}\n<\/style><\/div><style>\n\/* custom css - generated by TagDiv Composer *\/\n \n.tdi_8_rand_style::after {\ncontent:'' !important;\nwidth:100% !important;\nheight:100% !important;\nposition:absolute !important;\ntop:0 !important;\nleft:0 !important;\nz-index:0 !important;\ndisplay:block !important;\nbackground: rgba(16,51,70,0.29) !important;\n}\n<\/style><\/div><div class=\"vc_column tdi_11  wpb_column vc_column_container tdc-column td-pb-span12\">\n<style scoped>\n\/* custom css - generated by TagDiv Composer *\/\n\n\/* custom css - generated by TagDiv Composer *\/\n.tdi_11{\r\n                    vertical-align: baseline;\r\n                }.tdi_11 > .wpb_wrapper,\r\n\t\t\t\t.tdi_11 > .wpb_wrapper > .tdc-elements{\r\n\t\t\t\t    display: block;\r\n\t\t\t\t}.tdi_11 > .wpb_wrapper > .tdc-elements{\r\n\t\t\t\t    width: 100%;\r\n\t\t\t\t}.tdi_11 > .wpb_wrapper > .vc_row_inner{\r\n\t\t\t\t    width: auto;\r\n\t\t\t\t}.tdi_11 > .wpb_wrapper{\r\n\t\t\t\t    width: auto;\r\n\t\t\t\t    height: auto;\r\n\t\t\t\t}div.tdi_11{\r\n\t\t\t\t    width: auto !important;\r\n\t\t\t\t}\n<\/style><div class=\"wpb_wrapper\" ><div class=\"vc_row_inner tdi_13  vc_row vc_inner wpb_row td-pb-row\" >\n<style scoped>\n\/* custom css - generated by TagDiv Composer *\/\n\n\/* custom css - generated by TagDiv Composer *\/\n.tdi_13{\r\n                    position: relative !important;\r\n                    top: 0;\r\n                    transform: none;\r\n                    -webkit-transform: none;\r\n                }.tdi_13,\r\n\t\t\t\t.tdi_13 .tdc-inner-columns{\r\n\t\t\t\t    display: block;\r\n\t\t\t\t}.tdi_13 .tdc-inner-columns{\r\n\t\t\t\t    width: 100%;\r\n\t\t\t\t}\n\/* inline tdc_css att - generated by TagDiv Composer *\/\n\n.tdi_13{\nposition:relative;\n}\n\n.tdi_13 .td_block_wrap{ text-align:left }\n\n\/* phone *\/\n@media (max-width: 767px)\n{\n.tdi_13{\nwidth:100% !important;\n}\n}\n\n<\/style>\n<div class=\"tdi_12_rand_style td-element-style\" ><style>\n\/* custom css - generated by TagDiv Composer *\/\n\n.tdi_12_rand_style{\nbackground-color:rgba(16,51,70,0.9) !important;\n}\n <\/style><\/div><div class=\"vc_column_inner tdi_15  wpb_column vc_column_container tdc-inner-column td-pb-span12\">\n<style scoped>\n\/* custom css - generated by TagDiv Composer *\/\n\n\/* custom css - generated by TagDiv Composer *\/\n.tdi_15{\r\n                    vertical-align: baseline;\r\n                }.tdi_15 .vc_column-inner > .wpb_wrapper,\r\n\t\t\t\t.tdi_15 .vc_column-inner > .wpb_wrapper .tdc-elements{\r\n\t\t\t\t    display: block;\r\n\t\t\t\t}.tdi_15 .vc_column-inner > .wpb_wrapper .tdc-elements{\r\n\t\t\t\t    width: 100%;\r\n\t\t\t\t}\n<\/style><div class=\"vc_column-inner\"><div class=\"wpb_wrapper\" ><div class=\"td_block_wrap tdm_block_inline_text_simplified_2 tdi_16 td-pb-border-top td_block_template_1\"  data-td-block-uid=\"tdi_16\" >\n<style>\n\n\/* inline tdc_css att - generated by TagDiv Composer *\/\n\n.tdi_16{\nborder-radius:3px !important;\nborder-style:solid !important;\nborder-color:#888888 !important;\nborder-width:0 !important;\nposition:relative;\n}\n\n\/* phone *\/\n@media (max-width: 767px)\n{\n.tdi_16{\npadding-top:0px !important;\npadding-right:0px !important;\npadding-bottom:0px !important;\npadding-left:0px !important;\nposition:relative;\n}\n}\n\n<\/style>\n<style>\n\/* custom css - generated by TagDiv Composer *\/\n.tdm_block_inline_text_simplified_2{\r\n                    display: inline-block;\r\n                    margin-bottom: 0;\r\n                    vertical-align: top;\r\n                    font-family: var(--td_default_google_font_1, 'Open Sans', 'Open Sans Regular', sans-serif);\r\n                    font-size: 16px;\r\n                    line-height: 1.8;\r\n                    text-align: left !important;\r\n                    color: #666;\r\n                    transform: translateZ(0);\r\n                }.tdm_block_inline_text_simplified_2 .td-element-style{\r\n                    z-index: -1;\r\n                }.tdi_16{\r\n                    text-align: center !important;\r\n                \r\n                    color: var(--grey3);\r\n                \r\n\t\t\t\t\tfont-family: var(--ubb-2) !important;font-size:35px !important;font-weight:700 !important;\r\n\t\t\t\t}\n\n\/* landscape *\/\n@media (min-width: 1019px) and (max-width: 1140px){\n.tdi_16{\r\n\t\t\t\t\tfont-size:30px !important;\r\n\t\t\t\t}\n}\n\n\/* portrait *\/\n@media (min-width: 768px) and (max-width: 1018px){\n.tdi_16{\r\n\t\t\t\t\tfont-size:25px !important;\r\n\t\t\t\t}\n}\n\n\/* phone *\/\n@media (max-width: 767px){\n.tdi_16{\r\n\t\t\t\t\tfont-size:20px !important;\r\n\t\t\t\t}\n}\n<\/style>\n<div class=\"tdi_16_rand_style td-element-style\"><style>\n.tdi_16_rand_style{\nborder-radius:3px !important;\nbackground-color:rgba(16,51,70,0) !important;\n}\n\n\/* phone *\/\n@media (max-width: 767px)\n{\n.tdi_16_rand_style{\nbackground-color:rgba(0,0,0,0) !important;\n}\n}\n <\/style><\/div>Alumni<\/div><\/div><\/div><\/div><\/div><\/div><\/div><\/div><\/div><div id=\"tdi_17\" class=\"tdc-row stretch_row_content td-stretch-content\"><div class=\"vc_row tdi_18  wpb_row td-pb-row\" >\n<style scoped>\n\/* custom css - generated by TagDiv Composer *\/\n\n\/* custom css - generated by TagDiv Composer *\/\n.tdi_18,\r\n                .tdi_18 .tdc-columns{\r\n                    min-height: 0;\r\n                }.tdi_18,\r\n\t\t\t\t.tdi_18 .tdc-columns{\r\n\t\t\t\t    display: block;\r\n\t\t\t\t}.tdi_18 .tdc-columns{\r\n\t\t\t\t    width: 100%;\r\n\t\t\t\t}.tdi_18:before,\r\n\t\t\t\t.tdi_18:after{\r\n\t\t\t\t    display: table;\r\n\t\t\t\t}\n\/* inline tdc_css att - generated by TagDiv Composer *\/\n\n.tdi_18{\npadding-top:30px !important;\npadding-right:50px !important;\npadding-bottom:50px !important;\npadding-left:50px !important;\n}\n\n.tdi_18 .td_block_wrap{ text-align:left }\n\n\/* phone *\/\n@media (max-width: 767px)\n{\n.tdi_18{\npadding-top:20px !important;\npadding-right:0px !important;\npadding-bottom:20px !important;\npadding-left:0px !important;\n}\n}\n\n<\/style><div class=\"vc_column tdi_20  wpb_column vc_column_container tdc-column td-pb-span12\">\n<style scoped>\n\/* custom css - generated by TagDiv Composer *\/\n\n\/* custom css - generated by TagDiv Composer *\/\n.tdi_20{\r\n                    vertical-align: baseline;\r\n                }.tdi_20 > .wpb_wrapper,\r\n\t\t\t\t.tdi_20 > .wpb_wrapper > .tdc-elements{\r\n\t\t\t\t    display: block;\r\n\t\t\t\t}.tdi_20 > .wpb_wrapper > .tdc-elements{\r\n\t\t\t\t    width: 100%;\r\n\t\t\t\t}.tdi_20 > .wpb_wrapper > .vc_row_inner{\r\n\t\t\t\t    width: auto;\r\n\t\t\t\t}.tdi_20 > .wpb_wrapper{\r\n\t\t\t\t    width: auto;\r\n\t\t\t\t    height: auto;\r\n\t\t\t\t}\n<\/style><div class=\"wpb_wrapper\" ><div class=\"wpb_wrapper wpb_text_column td_block_wrap td_block_wrap vc_column_text tdi_21  tagdiv-type td-pb-border-top td_block_template_1\"  data-td-block-uid=\"tdi_21\" >\n<style>\n\n\/* inline tdc_css att - generated by TagDiv Composer *\/\n\n.tdi_21{\nmargin-bottom:0px !important;\n}\n\n<\/style>\n<style>\n\/* custom css - generated by TagDiv Composer *\/\n.vc_column_text > .td-element-style{\r\n\t\t\t\t\tz-index: -1;\r\n\t\t\t\t}.tdi_21,\r\n                .tdi_21 p{\r\n\t\t\t        font-family: var(--global-font-1) !important;font-size:16px !important;line-height:1.3 !important;font-weight:400 !important;\r\n\t\t        }.tdi_21{\r\n\t\t\t        color: var(--blue2);\r\n\t\t        }\n<\/style><div class=\"td-fix-index\"><p style=\"text-align: justfiy;\">The Faculty of Law organizes, usually together with student organizations, various events dedicated to or involving the Faculty&#8217;s alumni (Alumni). For example, the events organized in the 2024-2025 academic year were:<\/p>\n<ol style=\"text-align: justify;\">\n<li><strong>Seniors&#8217; Evening<\/strong> \u2013 An event dedicated to interactions between students and ELSA members with seniors, former members and graduates of the Faculty of Law.<\/li>\n<li><strong>Lawyers After Hours &#038; More<\/strong> \u2013 An event dedicated to students during which various legal professionals informally discuss their careers with students.<\/li>\n<li><strong>Law School Summer Camp<\/strong> \u2013 Summer camp dedicated to 10th and 11th grade students. This project aims to attract as many high school students as possible to pursue undergraduate studies at the Faculty of Law of Babe\u0219-Bolyai University. In this project, there is an event in which only graduating students participate, who talk about their experience at this faculty and what their future looked like after completing their studies.<\/li>\n<li><strong>Academic Writing Week<\/strong> \u2013 A sequential event in partnership with the Student Organization of the Faculty of Economic Studies. A &#8220;living library&#8221; type event in which UBB alumni were asked to talk about academic writing.<\/li>\n<\/ol>\n<p style=\"text-align: justify;\">In recent years, the Faculty of Law has awarded symbolic awards to notable graduates:<\/p>\n<p style=\"text-align: justify;\"><strong>2021<\/strong> \u2013 Andrei Cionca, lawyer and insolvency practitioner, CEO Impetum Group, founder or co-founder of the Roca platform, Roca X Start-up, CITResources, Casa de Insolven\u021ba Transilvania<\/p>\n<p style=\"text-align: justify;\"><strong>2022<\/strong> \u2013 Dana G\u00e2rbovan, judge, president of the Cluj Court of Appeal<\/p>\n<p style=\"text-align: justify;\"><strong>2023<\/strong> &#8211; Szil\u00e1rd G\u00e1sp\u00e1r-Szil\u00e1gyi, Assistant Professor for EU and International Economic Law at Birmingham University School of Law<\/p>\n<p style=\"text-align: justify;\"><strong>2024<\/strong> \u2013 Cornel Ban, economist, associate professor at Copenhagen Business School<\/p>\n<p style=\"text-align: justify;\"><strong>2025<\/strong> \u2013 Daniel Cium\u0103rnean, general prosecutor of the Prosecutor&#8217;s Office attached to the Cluj Court of Appeal<\/p>\n<\/div><\/div><\/div><\/div><\/div><\/div><\/div><\/div>","protected":false},"excerpt":{"rendered":"","protected":false},"author":1,"featured_media":0,"parent":5530,"menu_order":0,"comment_status":"closed","ping_status":"closed","template":"","meta":{"_acf_changed":false,"footnotes":""},"class_list":["post-5451","page","type-page","status-publish"],"acf":[],"yoast_head":"<!-- This site is optimized with the Yoast SEO plugin v26.6 - https:\/\/yoast.com\/wordpress\/plugins\/seo\/ -->\n<title>Alumni - Facultatea de Drept, Universitatea Babes-Bolyai - Cluj-Napoca<\/title>\n<meta name=\"robots\" content=\"index, follow, max-snippet:-1, max-image-preview:large, max-video-preview:-1\" \/>\n<link rel=\"canonical\" href=\"https:\/\/law.ubbcluj.ro\/en\/about-faculty\/alumni\/\" \/>\n<meta property=\"og:locale\" content=\"en_US\" \/>\n<meta property=\"og:type\" content=\"article\" \/>\n<meta property=\"og:title\" content=\"Alumni - Facultatea de Drept, Universitatea Babes-Bolyai - Cluj-Napoca\" \/>\n<meta property=\"og:url\" content=\"https:\/\/law.ubbcluj.ro\/en\/about-faculty\/alumni\/\" \/>\n<meta property=\"og:site_name\" content=\"Facultatea de Drept, Universitatea Babes-Bolyai - Cluj-Napoca\" \/>\n<meta property=\"article:modified_time\" content=\"2025-12-06T14:09:05+00:00\" \/>\n<meta name=\"twitter:card\" content=\"summary_large_image\" \/>\n<meta name=\"twitter:label1\" content=\"Est. reading time\" \/>\n\t<meta name=\"twitter:data1\" content=\"2 minutes\" \/>\n<script type=\"application\/ld+json\" class=\"yoast-schema-graph\">{\"@context\":\"https:\/\/schema.org\",\"@graph\":[{\"@type\":\"WebPage\",\"@id\":\"https:\/\/law.ubbcluj.ro\/en\/about-faculty\/alumni\/\",\"url\":\"https:\/\/law.ubbcluj.ro\/en\/about-faculty\/alumni\/\",\"name\":\"Alumni - Facultatea de Drept, Universitatea Babes-Bolyai - Cluj-Napoca\",\"isPartOf\":{\"@id\":\"https:\/\/law.ubbcluj.ro\/en\/#website\"},\"datePublished\":\"2025-09-15T12:25:15+00:00\",\"dateModified\":\"2025-12-06T14:09:05+00:00\",\"breadcrumb\":{\"@id\":\"https:\/\/law.ubbcluj.ro\/en\/about-faculty\/alumni\/#breadcrumb\"},\"inLanguage\":\"en-US\",\"potentialAction\":[{\"@type\":\"ReadAction\",\"target\":[\"https:\/\/law.ubbcluj.ro\/en\/about-faculty\/alumni\/\"]}]},{\"@type\":\"BreadcrumbList\",\"@id\":\"https:\/\/law.ubbcluj.ro\/en\/about-faculty\/alumni\/#breadcrumb\",\"itemListElement\":[{\"@type\":\"ListItem\",\"position\":1,\"name\":\"Prima pagin\u0103\",\"item\":\"https:\/\/law.ubbcluj.ro\/en\/\"},{\"@type\":\"ListItem\",\"position\":2,\"name\":\"About Faculty\",\"item\":\"https:\/\/law.ubbcluj.ro\/en\/about-faculty\/\"},{\"@type\":\"ListItem\",\"position\":3,\"name\":\"Alumni\"}]},{\"@type\":\"WebSite\",\"@id\":\"https:\/\/law.ubbcluj.ro\/en\/#website\",\"url\":\"https:\/\/law.ubbcluj.ro\/en\/\",\"name\":\"Facultatea de Drept, Universitatea Babes-Bolyai - Cluj-Napoca\",\"description\":\"\",\"potentialAction\":[{\"@type\":\"SearchAction\",\"target\":{\"@type\":\"EntryPoint\",\"urlTemplate\":\"https:\/\/law.ubbcluj.ro\/en\/?s={search_term_string}\"},\"query-input\":{\"@type\":\"PropertyValueSpecification\",\"valueRequired\":true,\"valueName\":\"search_term_string\"}}],\"inLanguage\":\"en-US\"}]}<\/script>\n<!-- \/ Yoast SEO plugin. -->","yoast_head_json":{"title":"Alumni - Facultatea de Drept, Universitatea Babes-Bolyai - Cluj-Napoca","robots":{"index":"index","follow":"follow","max-snippet":"max-snippet:-1","max-image-preview":"max-image-preview:large","max-video-preview":"max-video-preview:-1"},"canonical":"https:\/\/law.ubbcluj.ro\/en\/about-faculty\/alumni\/","og_locale":"en_US","og_type":"article","og_title":"Alumni - Facultatea de Drept, Universitatea Babes-Bolyai - Cluj-Napoca","og_url":"https:\/\/law.ubbcluj.ro\/en\/about-faculty\/alumni\/","og_site_name":"Facultatea de Drept, Universitatea Babes-Bolyai - Cluj-Napoca","article_modified_time":"2025-12-06T14:09:05+00:00","twitter_card":"summary_large_image","twitter_misc":{"Est. reading time":"2 minutes"},"schema":{"@context":"https:\/\/schema.org","@graph":[{"@type":"WebPage","@id":"https:\/\/law.ubbcluj.ro\/en\/about-faculty\/alumni\/","url":"https:\/\/law.ubbcluj.ro\/en\/about-faculty\/alumni\/","name":"Alumni - Facultatea de Drept, Universitatea Babes-Bolyai - Cluj-Napoca","isPartOf":{"@id":"https:\/\/law.ubbcluj.ro\/en\/#website"},"datePublished":"2025-09-15T12:25:15+00:00","dateModified":"2025-12-06T14:09:05+00:00","breadcrumb":{"@id":"https:\/\/law.ubbcluj.ro\/en\/about-faculty\/alumni\/#breadcrumb"},"inLanguage":"en-US","potentialAction":[{"@type":"ReadAction","target":["https:\/\/law.ubbcluj.ro\/en\/about-faculty\/alumni\/"]}]},{"@type":"BreadcrumbList","@id":"https:\/\/law.ubbcluj.ro\/en\/about-faculty\/alumni\/#breadcrumb","itemListElement":[{"@type":"ListItem","position":1,"name":"Prima pagin\u0103","item":"https:\/\/law.ubbcluj.ro\/en\/"},{"@type":"ListItem","position":2,"name":"About Faculty","item":"https:\/\/law.ubbcluj.ro\/en\/about-faculty\/"},{"@type":"ListItem","position":3,"name":"Alumni"}]},{"@type":"WebSite","@id":"https:\/\/law.ubbcluj.ro\/en\/#website","url":"https:\/\/law.ubbcluj.ro\/en\/","name":"Facultatea de Drept, Universitatea Babes-Bolyai - Cluj-Napoca","description":"","potentialAction":[{"@type":"SearchAction","target":{"@type":"EntryPoint","urlTemplate":"https:\/\/law.ubbcluj.ro\/en\/?s={search_term_string}"},"query-input":{"@type":"PropertyValueSpecification","valueRequired":true,"valueName":"search_term_string"}}],"inLanguage":"en-US"}]}},"_links":{"self":[{"href":"https:\/\/law.ubbcluj.ro\/en\/wp-json\/wp\/v2\/pages\/5451","targetHints":{"allow":["GET"]}}],"collection":[{"href":"https:\/\/law.ubbcluj.ro\/en\/wp-json\/wp\/v2\/pages"}],"about":[{"href":"https:\/\/law.ubbcluj.ro\/en\/wp-json\/wp\/v2\/types\/page"}],"author":[{"embeddable":true,"href":"https:\/\/law.ubbcluj.ro\/en\/wp-json\/wp\/v2\/users\/1"}],"replies":[{"embeddable":true,"href":"https:\/\/law.ubbcluj.ro\/en\/wp-json\/wp\/v2\/comments?post=5451"}],"version-history":[{"count":4,"href":"https:\/\/law.ubbcluj.ro\/en\/wp-json\/wp\/v2\/pages\/5451\/revisions"}],"predecessor-version":[{"id":8294,"href":"https:\/\/law.ubbcluj.ro\/en\/wp-json\/wp\/v2\/pages\/5451\/revisions\/8294"}],"up":[{"embeddable":true,"href":"https:\/\/law.ubbcluj.ro\/en\/wp-json\/wp\/v2\/pages\/5530"}],"wp:attachment":[{"href":"https:\/\/law.ubbcluj.ro\/en\/wp-json\/wp\/v2\/media?parent=5451"}],"curies":[{"name":"wp","href":"https:\/\/api.w.org\/{rel}","templated":true}]}}