{"id":5446,"date":"2025-09-06T13:27:14","date_gmt":"2025-09-06T13:27:14","guid":{"rendered":"https:\/\/law.ubbcluj.ro\/library\/"},"modified":"2025-12-06T15:04:17","modified_gmt":"2025-12-06T15:04:17","slug":"library","status":"publish","type":"page","link":"https:\/\/law.ubbcluj.ro\/en\/library\/","title":{"rendered":"Library"},"content":{"rendered":"<div id=\"tdi_1\" class=\"tdc-zone\"><div class=\"tdc_zone tdi_2  wpb_row td-pb-row\"  >\n<style scoped>\n\/* custom css - generated by TagDiv Composer *\/\n\n\/* custom css - generated by TagDiv Composer *\/\n.tdi_2{\r\n                    min-height: 0;\r\n                }\n<\/style><div id=\"tdi_3\" class=\"tdc-row stretch_row_content td-stretch-content\"><div class=\"vc_row tdi_4  wpb_row td-pb-row\" >\n<style scoped>\n\/* custom css - generated by TagDiv Composer *\/\n\n\/* custom css - generated by TagDiv Composer *\/\n.tdi_4,\r\n                .tdi_4 .tdc-columns{\r\n                    min-height: 0;\r\n                }.tdi_4,\r\n\t\t\t\t.tdi_4 .tdc-columns{\r\n\t\t\t\t    display: block;\r\n\t\t\t\t}.tdi_4 .tdc-columns{\r\n\t\t\t\t    width: 100%;\r\n\t\t\t\t}.tdi_4:before,\r\n\t\t\t\t.tdi_4:after{\r\n\t\t\t\t    display: table;\r\n\t\t\t\t}\n\/* inline tdc_css att - generated by TagDiv Composer *\/\n\n.tdi_4{\nmargin-top:110px !important;\n}\n\n.tdi_4 .td_block_wrap{ text-align:left }\n\n\/* phone *\/\n@media (max-width: 767px)\n{\n.tdi_4{\nmargin-top:120px !important;\n}\n}\n\n<\/style><div class=\"vc_column tdi_6  wpb_column vc_column_container tdc-column td-pb-span12\">\n<style scoped>\n\/* custom css - generated by TagDiv Composer *\/\n\n\/* custom css - generated by TagDiv Composer *\/\n.tdi_6{\r\n                    vertical-align: baseline;\r\n                }.tdi_6 > .wpb_wrapper,\r\n\t\t\t\t.tdi_6 > .wpb_wrapper > .tdc-elements{\r\n\t\t\t\t    display: block;\r\n\t\t\t\t}.tdi_6 > .wpb_wrapper > .tdc-elements{\r\n\t\t\t\t    width: 100%;\r\n\t\t\t\t}.tdi_6 > .wpb_wrapper > .vc_row_inner{\r\n\t\t\t\t    width: auto;\r\n\t\t\t\t}.tdi_6 > .wpb_wrapper{\r\n\t\t\t\t    width: auto;\r\n\t\t\t\t    height: auto;\r\n\t\t\t\t}\n<\/style><div class=\"wpb_wrapper\" ><div class=\"td_block_wrap tdb_breadcrumbs tdi_7 td-pb-border-top td_block_template_1 tdb-breadcrumbs \"  data-td-block-uid=\"tdi_7\" >\n<style>\n\n\/* inline tdc_css att - generated by TagDiv Composer *\/\n\n.tdi_7{\nmargin-bottom:30px !important;\npadding-right:50px !important;\npadding-left:50px !important;\n}\n\n\/* phone *\/\n@media (max-width: 767px)\n{\n.tdi_7{\npadding-right:0px !important;\npadding-left:0px !important;\n}\n}\n\n<\/style>\n<style>\n\/* custom css - generated by TagDiv Composer *\/\n.tdb-breadcrumbs{\r\n                  margin-bottom: 11px;\r\n                  font-family: var(--td_default_google_font_1, 'Open Sans', 'Open Sans Regular', sans-serif);\r\n                  font-size: 12px;\r\n                  color: #747474;\r\n                  line-height: 18px;\r\n                }.tdb-breadcrumbs a{\r\n                  color: #747474;\r\n                }.tdb-breadcrumbs a:hover{\r\n                  color: #000;\r\n                }.tdb-breadcrumbs .tdb-bread-sep{\r\n                  line-height: 1;\r\n                  vertical-align: middle;\r\n                }.tdb-breadcrumbs .tdb-bread-sep-svg svg{\r\n                  height: auto;\r\n                }.tdb-breadcrumbs .tdb-bread-sep-svg svg,\r\n                .tdb-breadcrumbs .tdb-bread-sep-svg svg *{\r\n                  fill: #c3c3c3;\r\n                }.single-tdb_templates.author-template .tdb_breadcrumbs{\r\n                  margin-bottom: 2px;\r\n                }.tdb_category_breadcrumbs{\r\n                  margin: 21px 0 9px;\r\n                }.search-results .tdb_breadcrumbs{\r\n                  margin-bottom: 2px;\r\n                }.tdi_7 .tdb-bread-sep{\r\n                    font-size: 16px;\r\n                \r\n                    margin: 0 6px;\r\n                \r\n\t\t\t\t\tcolor: var(--blue2);\r\n\t\t\t\t}.tdi_7,\r\n\t\t\t\t.tdi_7 a{\r\n\t\t\t\t\tcolor: var(--blue2);\r\n\t\t\t\t}.tdi_7 .tdb-bread-sep-svg svg,\r\n\t\t\t\t.tdi_7 .tdb-bread-sep-svg svg *{\r\n\t\t\t\t    fill: var(--blue2);\r\n\t\t\t\t\r\n\t\t\t\t    fill: var(--blue2);\r\n\t\t\t\t}.tdi_7 a:hover{\r\n\t\t\t\t\tcolor: var(--gold1);\r\n\t\t\t\t}.td-theme-wrap .tdi_7{\r\n\t\t\t\t\ttext-align: left;\r\n\t\t\t\t}.tdi_7{\r\n\t\t\t\t\tfont-family: var(--global-font-1) !important;font-size:14px !important;font-weight:600 !important;\r\n\t\t\t\t}\n<\/style><div class=\"tdb-block-inner td-fix-index\"><span><a title=\"\" class=\"tdb-entry-crumb\" href=\"https:\/\/law.ubbcluj.ro\/en\/\">Home<\/a><\/span><i class=\"tdb-bread-sep tdb-bred-no-url-last td-icon-slashh\"><\/i><span class=\"tdb-bred-no-url-last\">Sample Page<\/span><\/div><\/div><script type=\"application\/ld+json\">\r\n                        {\r\n                            \"@context\": \"https:\/\/schema.org\",\r\n                            \"@type\": \"BreadcrumbList\",\r\n                            \"itemListElement\": [{\r\n                            \"@type\": \"ListItem\",\r\n                            \"position\": 1,\r\n                                \"item\": {\r\n                                \"@type\": \"WebSite\",\r\n                                \"@id\": \"https:\/\/law.ubbcluj.ro\/en\/\/\",\r\n                                \"name\": \"Home\"                                               \r\n                            }\r\n                        },{\r\n                            \"@type\": \"ListItem\",\r\n                            \"position\": 2,\r\n                                \"item\": {\r\n                                \"@type\": \"WebPage\",\r\n                                \"@id\": \"\",\r\n                                \"name\": \"Sample Page\"\r\n                            }\r\n                        }    ]\r\n                        }\r\n                       <\/script><\/div><\/div><\/div><\/div><div id=\"tdi_8\" class=\"tdc-row stretch_row_content td-stretch-content\"><div class=\"vc_row tdi_9  wpb_row td-pb-row tdc-element-style\" >\n<style scoped>\n\/* custom css - generated by TagDiv Composer *\/\n\n\/* custom css - generated by TagDiv Composer *\/\n.tdi_9,\r\n                .tdi_9 .tdc-columns{\r\n                    min-height: 0;\r\n                }.tdi_9,\r\n\t\t\t\t.tdi_9 .tdc-columns{\r\n\t\t\t\t    display: flex;\r\n\t\t\t\t\r\n\t\t\t\t    flex-direction: row;\r\n\t\t\t\t\r\n\t\t\t\t    flex-wrap: nowrap;\r\n\t\t\t\t\r\n\t\t\t\t    justify-content: center;\r\n\t\t\t\t\r\n\t\t\t\t    align-items: center;\r\n\t\t\t\t}.tdi_9 .tdc-columns{\r\n\t\t\t\t    width: 100%;\r\n\t\t\t\t}.tdi_9:before,\r\n\t\t\t\t.tdi_9:after{\r\n\t\t\t\t    display: none;\r\n\t\t\t\t}@media (min-width: 768px) {\r\n\t                .tdi_9 {\r\n\t                    margin-left: -0px;\r\n\t                    margin-right: -0px;\r\n\t                }\r\n\t                .tdi_9 .tdc-row-video-background-error,\r\n\t                .tdi_9 > .vc_column,\r\n\t                .tdi_9 > .tdc-columns > .vc_column {\r\n\t                    padding-left: 0px;\r\n\t                    padding-right: 0px;\r\n\t                }\r\n                }\n\/* inline tdc_css att - generated by TagDiv Composer *\/\n\n.tdi_9{\nheight:444px !important;\nposition:relative;\n}\n\n.tdi_9 .td_block_wrap{ text-align:left }\n\n\/* landscape *\/\n@media (min-width: 1019px) and (max-width: 1140px)\n{\n.tdi_9{\nheight:400px !important;\n}\n}\n\n\/* portrait *\/\n@media (min-width: 768px) and (max-width: 1018px)\n{\n.tdi_9{\nheight:350px !important;\n}\n}\n\n\/* phone *\/\n@media (max-width: 767px)\n{\n.tdi_9{\nheight:300px !important;\n}\n}\n\n<\/style>\n<div class=\"tdi_8_rand_style td-element-style\" ><div class=\"td-element-style-before\"><style>\n\/* custom css - generated by TagDiv Composer *\/\n\n.tdi_8_rand_style > .td-element-style-before {\ncontent:'' !important;\nwidth:100% !important;\nheight:100% !important;\nposition:absolute !important;\ntop:0 !important;\nleft:0 !important;\ndisplay:block !important;\nz-index:0 !important;\nbackground-image:url(\"https:\/\/law.ite.ro\/wp-content\/uploads\/2025\/09\/20250629_132529-scaled.jpg\") !important;\nbackground-position:center center !important;\nbackground-size:cover !important;\n}\n<\/style><\/div><style>\n\/* custom css - generated by TagDiv Composer *\/\n \n.tdi_8_rand_style::after {\ncontent:'' !important;\nwidth:100% !important;\nheight:100% !important;\nposition:absolute !important;\ntop:0 !important;\nleft:0 !important;\nz-index:0 !important;\ndisplay:block !important;\nbackground: rgba(16,51,70,0.29) !important;\n}\n<\/style><\/div><div class=\"vc_column tdi_11  wpb_column vc_column_container tdc-column td-pb-span12\">\n<style scoped>\n\/* custom css - generated by TagDiv Composer *\/\n\n\/* custom css - generated by TagDiv Composer *\/\n.tdi_11{\r\n                    vertical-align: baseline;\r\n                }.tdi_11 > .wpb_wrapper,\r\n\t\t\t\t.tdi_11 > .wpb_wrapper > .tdc-elements{\r\n\t\t\t\t    display: block;\r\n\t\t\t\t}.tdi_11 > .wpb_wrapper > .tdc-elements{\r\n\t\t\t\t    width: 100%;\r\n\t\t\t\t}.tdi_11 > .wpb_wrapper > .vc_row_inner{\r\n\t\t\t\t    width: auto;\r\n\t\t\t\t}.tdi_11 > .wpb_wrapper{\r\n\t\t\t\t    width: auto;\r\n\t\t\t\t    height: auto;\r\n\t\t\t\t}div.tdi_11{\r\n\t\t\t\t    width: auto !important;\r\n\t\t\t\t}\n<\/style><div class=\"wpb_wrapper\" ><div class=\"vc_row_inner tdi_13  vc_row vc_inner wpb_row td-pb-row\" >\n<style scoped>\n\/* custom css - generated by TagDiv Composer *\/\n\n\/* custom css - generated by TagDiv Composer *\/\n.tdi_13{\r\n                    position: relative !important;\r\n                    top: 0;\r\n                    transform: none;\r\n                    -webkit-transform: none;\r\n                }.tdi_13,\r\n\t\t\t\t.tdi_13 .tdc-inner-columns{\r\n\t\t\t\t    display: block;\r\n\t\t\t\t}.tdi_13 .tdc-inner-columns{\r\n\t\t\t\t    width: 100%;\r\n\t\t\t\t}\n\/* inline tdc_css att - generated by TagDiv Composer *\/\n\n.tdi_13{\nposition:relative;\n}\n\n.tdi_13 .td_block_wrap{ text-align:left }\n\n\/* phone *\/\n@media (max-width: 767px)\n{\n.tdi_13{\nwidth:100% !important;\n}\n}\n\n<\/style>\n<div class=\"tdi_12_rand_style td-element-style\" ><style>\n\/* custom css - generated by TagDiv Composer *\/\n\n.tdi_12_rand_style{\nbackground-color:rgba(16,51,70,0.9) !important;\n}\n <\/style><\/div><div class=\"vc_column_inner tdi_15  wpb_column vc_column_container tdc-inner-column td-pb-span12\">\n<style scoped>\n\/* custom css - generated by TagDiv Composer *\/\n\n\/* custom css - generated by TagDiv Composer *\/\n.tdi_15{\r\n                    vertical-align: baseline;\r\n                }.tdi_15 .vc_column-inner > .wpb_wrapper,\r\n\t\t\t\t.tdi_15 .vc_column-inner > .wpb_wrapper .tdc-elements{\r\n\t\t\t\t    display: block;\r\n\t\t\t\t}.tdi_15 .vc_column-inner > .wpb_wrapper .tdc-elements{\r\n\t\t\t\t    width: 100%;\r\n\t\t\t\t}\n<\/style><div class=\"vc_column-inner\"><div class=\"wpb_wrapper\" ><div class=\"td_block_wrap tdm_block_inline_text_simplified_2 tdi_16 td-pb-border-top td_block_template_1\"  data-td-block-uid=\"tdi_16\" >\n<style>\n\n\/* inline tdc_css att - generated by TagDiv Composer *\/\n\n.tdi_16{\nborder-radius:3px !important;\nborder-style:solid !important;\nborder-color:#888888 !important;\nborder-width:0 !important;\nposition:relative;\n}\n\n\/* phone *\/\n@media (max-width: 767px)\n{\n.tdi_16{\npadding-top:0px !important;\npadding-right:0px !important;\npadding-bottom:0px !important;\npadding-left:0px !important;\nposition:relative;\n}\n}\n\n<\/style>\n<style>\n\/* custom css - generated by TagDiv Composer *\/\n.tdm_block_inline_text_simplified_2{\r\n                    display: inline-block;\r\n                    margin-bottom: 0;\r\n                    vertical-align: top;\r\n                    font-family: var(--td_default_google_font_1, 'Open Sans', 'Open Sans Regular', sans-serif);\r\n                    font-size: 16px;\r\n                    line-height: 1.8;\r\n                    text-align: left !important;\r\n                    color: #666;\r\n                    transform: translateZ(0);\r\n                }.tdm_block_inline_text_simplified_2 .td-element-style{\r\n                    z-index: -1;\r\n                }.tdi_16{\r\n                    text-align: center !important;\r\n                \r\n                    color: var(--grey3);\r\n                \r\n\t\t\t\t\tfont-family: var(--ubb-2) !important;font-size:35px !important;font-weight:700 !important;\r\n\t\t\t\t}\n\n\/* landscape *\/\n@media (min-width: 1019px) and (max-width: 1140px){\n.tdi_16{\r\n\t\t\t\t\tfont-size:30px !important;\r\n\t\t\t\t}\n}\n\n\/* portrait *\/\n@media (min-width: 768px) and (max-width: 1018px){\n.tdi_16{\r\n\t\t\t\t\tfont-size:25px !important;\r\n\t\t\t\t}\n}\n\n\/* phone *\/\n@media (max-width: 767px){\n.tdi_16{\r\n\t\t\t\t\tfont-size:20px !important;\r\n\t\t\t\t}\n}\n<\/style>\n<div class=\"tdi_16_rand_style td-element-style\"><style>\n.tdi_16_rand_style{\nborder-radius:3px !important;\nbackground-color:rgba(16,51,70,0) !important;\n}\n\n\/* phone *\/\n@media (max-width: 767px)\n{\n.tdi_16_rand_style{\nbackground-color:rgba(0,0,0,0) !important;\n}\n}\n <\/style><\/div>Library<\/div><\/div><\/div><\/div><\/div><\/div><\/div><\/div><\/div><div id=\"tdi_17\" class=\"tdc-row stretch_row_content td-stretch-content\"><div class=\"vc_row tdi_18  wpb_row td-pb-row\" >\n<style scoped>\n\/* custom css - generated by TagDiv Composer *\/\n\n\/* custom css - generated by TagDiv Composer *\/\n.tdi_18,\r\n                .tdi_18 .tdc-columns{\r\n                    min-height: 0;\r\n                }.tdi_18,\r\n\t\t\t\t.tdi_18 .tdc-columns{\r\n\t\t\t\t    display: block;\r\n\t\t\t\t}.tdi_18 .tdc-columns{\r\n\t\t\t\t    width: 100%;\r\n\t\t\t\t}.tdi_18:before,\r\n\t\t\t\t.tdi_18:after{\r\n\t\t\t\t    display: table;\r\n\t\t\t\t}\n\/* inline tdc_css att - generated by TagDiv Composer *\/\n\n.tdi_18{\npadding-top:30px !important;\npadding-right:50px !important;\npadding-bottom:50px !important;\npadding-left:50px !important;\n}\n\n.tdi_18 .td_block_wrap{ text-align:left }\n\n\/* phone *\/\n@media (max-width: 767px)\n{\n.tdi_18{\npadding-top:20px !important;\npadding-right:0px !important;\npadding-left:0px !important;\n}\n}\n\n<\/style><div class=\"vc_column tdi_20  wpb_column vc_column_container tdc-column td-pb-span12\">\n<style scoped>\n\/* custom css - generated by TagDiv Composer *\/\n\n\/* custom css - generated by TagDiv Composer *\/\n.tdi_20{\r\n                    vertical-align: baseline;\r\n                }.tdi_20 > .wpb_wrapper,\r\n\t\t\t\t.tdi_20 > .wpb_wrapper > .tdc-elements{\r\n\t\t\t\t    display: block;\r\n\t\t\t\t}.tdi_20 > .wpb_wrapper > .tdc-elements{\r\n\t\t\t\t    width: 100%;\r\n\t\t\t\t}.tdi_20 > .wpb_wrapper > .vc_row_inner{\r\n\t\t\t\t    width: auto;\r\n\t\t\t\t}.tdi_20 > .wpb_wrapper{\r\n\t\t\t\t    width: auto;\r\n\t\t\t\t    height: auto;\r\n\t\t\t\t}\n<\/style><div class=\"wpb_wrapper\" ><div class=\"wpb_wrapper wpb_text_column td_block_wrap td_block_wrap vc_column_text tdi_21  tagdiv-type td-pb-border-top td_block_template_1\"  data-td-block-uid=\"tdi_21\" >\n<style>\n\n\/* inline tdc_css att - generated by TagDiv Composer *\/\n\n.tdi_21{\nmargin-bottom:0px !important;\n}\n\n<\/style>\n<style>\n\/* custom css - generated by TagDiv Composer *\/\n.vc_column_text > .td-element-style{\r\n\t\t\t\t\tz-index: -1;\r\n\t\t\t\t}.tdi_21,\r\n                .tdi_21 p{\r\n\t\t\t        font-family: var(--global-font-1) !important;font-size:16px !important;line-height:1.3 !important;\r\n\t\t        }.tdi_21{\r\n\t\t\t        color: var(--blue2);\r\n\t\t        }\n<\/style><div class=\"td-fix-index\"><p style=\"text-align: justify;\">With the unification of the &#8220;V. Babe\u015f&#8221; and &#8220;Bolyai&#8221; Universities, in 1959, a single Faculty of Legal Sciences will operate within the new &#8220;Babe\u015f-Bolyai&#8221; University, which will also lead to the unification of the holdings of the branch libraries of the two faculties of legal sciences, forming the Library of Legal Sciences, the current Law Library. These book holdings were later supplemented by funds from various departments, donations and purchases.<\/p>\n<p style=\"text-align: justify;\">Donations come from various cultural institutions, such as the Romanian Academy, from teachers who have taught over time, as well as from Romanian and foreign legal specialists.<\/p>\n<p style=\"text-align: justify;\">The department libraries, established since the beginning of the university, represented the cores of future faculty libraries. The library still preserves several works by Romanian jurists who went to study abroad in the 19th and 20th centuries, which they brought back for study to their colleagues in the country. There are also publications by faculty professors since its establishment, such as Romul Boil\u0103, Alexandru Angelescu, Emil Ha\u021bieganu, etc.<\/p>\n<p style=\"text-align: justify;\">The &#8220;Lucian Blaga&#8221; Central University Library has started a project to digitally recover the works of the first professors, and these can be studied on the B.C.U. website in the <em>Library Resources\/Course Bibliography\/Professors section<\/em>.<\/p>\n<p style=\"text-align: justify;\">The library has the following publication funds: <em>the general fund<\/em> &#8211; includes books from the beginnings of the University to the current ones (around 19,000 book volumes); <em>funds from the departments of Criminal Law<\/em> (1377 book volumes and periodicals), <em>State<\/em> (1015 book volumes and periodicals), <em>Civil<\/em> (747 book volumes and periodicals) and <em>Theory<\/em> (1601 book volumes and periodicals); <em>Documentary fund<\/em> (7545 book volumes and periodicals); <em>&#8220;D&#8221; fund<\/em> (2249 book volumes and periodicals); <em>general periodicals fund<\/em> (175 Romanian and foreign journal titles with 1127 volumes), of which approximately 50 titles come from subscriptions from the country and abroad. Among the most important Romanian journals subscribed to are <em>Dreptul, Revista rom\u00e2n\u0103 de drept privat, Pandectele rom\u00e2ne, Curierul judiciar<\/em>, etc., and among the foreign ones <em>Revue de droit p\u00e9nal et de criminologie<\/em>, <em>La semaine jurique, Rivista di diritto civile<\/em> etc.<\/p>\n<p style=\"text-align: justify;\">The library also makes available to its users all the digital resources of the Central University Library &#8220;Lucian Blaga&#8221; and the HeinOnline database acquired by the Faculty of Law of the &#8220;Babe\u0219-Bolyai&#8221; University.<\/p>\n<p style=\"text-align: justify;\">Updated information about the Law Library regarding opening hours, library staff and their contact details can be obtained from the website of the Central University Library &#8220;Lucian Blaga&#8221; in the branches section <a href=\"https:\/\/www.bcucluj.ro\/node\/93\" target=\"_blank\" rel=\"noopener\">https:\/\/www.bcucluj.ro\/node\/93<\/a>.<\/p>\n<\/div><\/div><div class=\"td_block_wrap tdm_block_inline_text_simplified tdi_22 tdm-descr td-pb-border-top td_block_template_1\"  data-td-block-uid=\"tdi_22\" >\n<style>\n\n\/* inline tdc_css att - generated by TagDiv Composer *\/\n\n.tdi_22{\nmargin-top:20px !important;\nmargin-bottom:20px !important;\npadding-top:20px !important;\nborder-color:var(--grey2) !important;\nborder-style:solid !important;\nborder-width: 1px 0px 0px 0px !important;\n}\n\n\/* phone *\/\n@media (max-width: 767px)\n{\n.tdi_22{\nmargin-bottom:0px !important;\n}\n}\n\n<\/style>\n<style>\n\/* custom css - generated by TagDiv Composer *\/\n.tdm_block_inline_text_simplified{\r\n                  margin-bottom: 0;\r\n                  vertical-align: top;\r\n                  transform: translateZ(0);\r\n                }.tdm_block_inline_text_simplified .td-element-style{\r\n                    z-index: -1;\r\n                }.tdi_22{\r\n                    display: block;\r\n                \r\n                    text-align: left !important;\r\n                \r\n                    color: var(--blue2);\r\n                \r\n\t\t\t\t\tfont-family: var(--global-font-1) !important;font-size:16px !important;line-height:1 !important;font-weight:400 !important;\r\n\t\t\t\t}.tdi_22 a{\r\n                    color: var(--gold1);\r\n                }\n<\/style><b>Library Team<\/b>\n<br>\n<br>\n<br>\nEmilia Mariana Soporan\n<br><br>\n<b>E-mail: <\/b><b><a href=\"mailto:mariana.soporan@bcucluj.ro\">mariana.soporan@bcucluj.ro\n<\/a><\/b>\n<br>\n<br>\n<br>\nLumini\u021ba Sanda Ignat-Coman\n<br>\n<br>\n<b>E-mail: <\/b><b><a href=\"mailto:luminita.ignat@bcucluj.ro\">luminita.ignat@bcucluj.ro\n<\/a><\/b>\n<br>\n<br>\n<br>\n<b>Contact numbers:<\/b> <a href=\"tel:0771410472\" style=\"color:#103346;\">0771410472<\/a>, <a href=\"tel:0264-595504\" style=\"color:#103346;\">0264-595504<\/a> (extensions 7059 and 7064)<\/div><\/div><\/div><\/div><\/div><\/div><\/div>","protected":false},"excerpt":{"rendered":"","protected":false},"author":1,"featured_media":0,"parent":0,"menu_order":0,"comment_status":"closed","ping_status":"closed","template":"","meta":{"_acf_changed":false,"footnotes":""},"class_list":["post-5446","page","type-page","status-publish"],"acf":[],"yoast_head":"<!-- This site is optimized with the Yoast SEO plugin v26.6 - https:\/\/yoast.com\/wordpress\/plugins\/seo\/ -->\n<title>Library - Facultatea de Drept, Universitatea Babes-Bolyai - Cluj-Napoca<\/title>\n<meta name=\"robots\" content=\"index, follow, max-snippet:-1, max-image-preview:large, max-video-preview:-1\" \/>\n<link rel=\"canonical\" href=\"https:\/\/law.ubbcluj.ro\/en\/library\/\" \/>\n<meta property=\"og:locale\" content=\"en_US\" \/>\n<meta property=\"og:type\" content=\"article\" \/>\n<meta property=\"og:title\" content=\"Library - Facultatea de Drept, Universitatea Babes-Bolyai - Cluj-Napoca\" \/>\n<meta property=\"og:url\" content=\"https:\/\/law.ubbcluj.ro\/en\/library\/\" \/>\n<meta property=\"og:site_name\" content=\"Facultatea de Drept, Universitatea Babes-Bolyai - Cluj-Napoca\" \/>\n<meta property=\"article:modified_time\" content=\"2025-12-06T15:04:17+00:00\" \/>\n<meta name=\"twitter:card\" content=\"summary_large_image\" \/>\n<meta name=\"twitter:label1\" content=\"Est. reading time\" \/>\n\t<meta name=\"twitter:data1\" content=\"3 minutes\" \/>\n<script type=\"application\/ld+json\" class=\"yoast-schema-graph\">{\"@context\":\"https:\/\/schema.org\",\"@graph\":[{\"@type\":\"WebPage\",\"@id\":\"https:\/\/law.ubbcluj.ro\/en\/library\/\",\"url\":\"https:\/\/law.ubbcluj.ro\/en\/library\/\",\"name\":\"Library - Facultatea de Drept, Universitatea Babes-Bolyai - Cluj-Napoca\",\"isPartOf\":{\"@id\":\"https:\/\/law.ubbcluj.ro\/en\/#website\"},\"datePublished\":\"2025-09-06T13:27:14+00:00\",\"dateModified\":\"2025-12-06T15:04:17+00:00\",\"breadcrumb\":{\"@id\":\"https:\/\/law.ubbcluj.ro\/en\/library\/#breadcrumb\"},\"inLanguage\":\"en-US\",\"potentialAction\":[{\"@type\":\"ReadAction\",\"target\":[\"https:\/\/law.ubbcluj.ro\/en\/library\/\"]}]},{\"@type\":\"BreadcrumbList\",\"@id\":\"https:\/\/law.ubbcluj.ro\/en\/library\/#breadcrumb\",\"itemListElement\":[{\"@type\":\"ListItem\",\"position\":1,\"name\":\"Prima pagin\u0103\",\"item\":\"https:\/\/law.ubbcluj.ro\/en\/\"},{\"@type\":\"ListItem\",\"position\":2,\"name\":\"Library\"}]},{\"@type\":\"WebSite\",\"@id\":\"https:\/\/law.ubbcluj.ro\/en\/#website\",\"url\":\"https:\/\/law.ubbcluj.ro\/en\/\",\"name\":\"Facultatea de Drept, Universitatea Babes-Bolyai - Cluj-Napoca\",\"description\":\"\",\"potentialAction\":[{\"@type\":\"SearchAction\",\"target\":{\"@type\":\"EntryPoint\",\"urlTemplate\":\"https:\/\/law.ubbcluj.ro\/en\/?s={search_term_string}\"},\"query-input\":{\"@type\":\"PropertyValueSpecification\",\"valueRequired\":true,\"valueName\":\"search_term_string\"}}],\"inLanguage\":\"en-US\"}]}<\/script>\n<!-- \/ Yoast SEO plugin. -->","yoast_head_json":{"title":"Library - Facultatea de Drept, Universitatea Babes-Bolyai - Cluj-Napoca","robots":{"index":"index","follow":"follow","max-snippet":"max-snippet:-1","max-image-preview":"max-image-preview:large","max-video-preview":"max-video-preview:-1"},"canonical":"https:\/\/law.ubbcluj.ro\/en\/library\/","og_locale":"en_US","og_type":"article","og_title":"Library - Facultatea de Drept, Universitatea Babes-Bolyai - Cluj-Napoca","og_url":"https:\/\/law.ubbcluj.ro\/en\/library\/","og_site_name":"Facultatea de Drept, Universitatea Babes-Bolyai - Cluj-Napoca","article_modified_time":"2025-12-06T15:04:17+00:00","twitter_card":"summary_large_image","twitter_misc":{"Est. reading time":"3 minutes"},"schema":{"@context":"https:\/\/schema.org","@graph":[{"@type":"WebPage","@id":"https:\/\/law.ubbcluj.ro\/en\/library\/","url":"https:\/\/law.ubbcluj.ro\/en\/library\/","name":"Library - Facultatea de Drept, Universitatea Babes-Bolyai - Cluj-Napoca","isPartOf":{"@id":"https:\/\/law.ubbcluj.ro\/en\/#website"},"datePublished":"2025-09-06T13:27:14+00:00","dateModified":"2025-12-06T15:04:17+00:00","breadcrumb":{"@id":"https:\/\/law.ubbcluj.ro\/en\/library\/#breadcrumb"},"inLanguage":"en-US","potentialAction":[{"@type":"ReadAction","target":["https:\/\/law.ubbcluj.ro\/en\/library\/"]}]},{"@type":"BreadcrumbList","@id":"https:\/\/law.ubbcluj.ro\/en\/library\/#breadcrumb","itemListElement":[{"@type":"ListItem","position":1,"name":"Prima pagin\u0103","item":"https:\/\/law.ubbcluj.ro\/en\/"},{"@type":"ListItem","position":2,"name":"Library"}]},{"@type":"WebSite","@id":"https:\/\/law.ubbcluj.ro\/en\/#website","url":"https:\/\/law.ubbcluj.ro\/en\/","name":"Facultatea de Drept, Universitatea Babes-Bolyai - Cluj-Napoca","description":"","potentialAction":[{"@type":"SearchAction","target":{"@type":"EntryPoint","urlTemplate":"https:\/\/law.ubbcluj.ro\/en\/?s={search_term_string}"},"query-input":{"@type":"PropertyValueSpecification","valueRequired":true,"valueName":"search_term_string"}}],"inLanguage":"en-US"}]}},"_links":{"self":[{"href":"https:\/\/law.ubbcluj.ro\/en\/wp-json\/wp\/v2\/pages\/5446","targetHints":{"allow":["GET"]}}],"collection":[{"href":"https:\/\/law.ubbcluj.ro\/en\/wp-json\/wp\/v2\/pages"}],"about":[{"href":"https:\/\/law.ubbcluj.ro\/en\/wp-json\/wp\/v2\/types\/page"}],"author":[{"embeddable":true,"href":"https:\/\/law.ubbcluj.ro\/en\/wp-json\/wp\/v2\/users\/1"}],"replies":[{"embeddable":true,"href":"https:\/\/law.ubbcluj.ro\/en\/wp-json\/wp\/v2\/comments?post=5446"}],"version-history":[{"count":5,"href":"https:\/\/law.ubbcluj.ro\/en\/wp-json\/wp\/v2\/pages\/5446\/revisions"}],"predecessor-version":[{"id":6439,"href":"https:\/\/law.ubbcluj.ro\/en\/wp-json\/wp\/v2\/pages\/5446\/revisions\/6439"}],"wp:attachment":[{"href":"https:\/\/law.ubbcluj.ro\/en\/wp-json\/wp\/v2\/media?parent=5446"}],"curies":[{"name":"wp","href":"https:\/\/api.w.org\/{rel}","templated":true}]}}